{"id":872,"date":"2024-02-28T14:08:02","date_gmt":"2024-02-28T13:08:02","guid":{"rendered":"https:\/\/ecoveritas.fr\/?page_id=872"},"modified":"2024-03-04T15:04:00","modified_gmt":"2024-03-04T14:04:00","slug":"se-former","status":"publish","type":"page","link":"https:\/\/ecoveritas.fr\/index.php\/se-former\/","title":{"rendered":"Se Former"},"content":{"rendered":"\n<div class=\"wp-block-cover alignfull is-light\" style=\"min-height:1080px\"><span aria-hidden=\"true\" class=\"wp-block-cover__background has-background-dim\"><\/span><video class=\"wp-block-cover__video-background intrinsic-ignore\" autoplay muted loop playsinline src=\"https:\/\/ecoveritas.fr\/wp-content\/uploads\/2024\/02\/homme-seul-neige-breath.mp4\" data-object-fit=\"cover\"><\/video><div class=\"wp-block-cover__inner-container\">\n<div class=\"has-global-padding is-layout-constrained wp-block-group has-large-font-size\">\n<div class=\"has-global-padding is-layout-constrained wp-block-group\" style=\"padding-top:0;padding-right:0;padding-bottom:var(--wp--preset--spacing--x-large);padding-left:0\">\n<p class=\"has-text-align-center has-white-color has-text-color has-x-large-font-size\" style=\"font-style:normal;font-weight:500\"><em>L\u2019avenir est notre plus grande richesse,<\/em><\/p>\n\n\n\n<p class=\"has-text-align-center has-white-color has-text-color has-x-large-font-size\" style=\"margin-top:var(--wp--preset--spacing--x-small);margin-right:var(--wp--preset--spacing--x-small);margin-bottom:var(--wp--preset--spacing--x-small);margin-left:var(--wp--preset--spacing--x-small);letter-spacing:1px\"><strong><em>Investissez-vous dans une carri\u00e8re qui change la donne.<\/em><\/strong><\/p>\n<\/div>\n<\/div>\n\n\n\n<div class=\"is-content-justification-center is-layout-flex wp-container-3 wp-block-buttons\">\n<div class=\"wp-block-button is-style-outline\"><a class=\"wp-block-button__link has-white-color has-text-color wp-element-button\" href=\"#\" style=\"border-radius:0px\">Rejoindre notre \u00e9quipe<\/a><\/div>\n<\/div>\n<\/div><\/div>\n\n\n\n<div class=\"has-global-padding is-layout-constrained wp-block-group is-style-default has-background\" style=\"background:linear-gradient(0deg,rgb(255,243,243) 0%,rgba(28,237,223,0.09) 100%);padding-top:60px;padding-bottom:60px;padding-left:0\">\n<div class=\"is-layout-flex wp-container-7 wp-block-columns\" style=\"padding-top:0;padding-right:0;padding-bottom:0;padding-left:0\">\n<div class=\"is-layout-flow wp-block-column is-vertically-aligned-center\" style=\"padding-top:0;padding-right:0;padding-bottom:0;padding-left:0\">\n<p class=\"has-text-color\" style=\"color:#0bb4aa\"><strong>Notre Promesse<\/strong><\/p>\n\n\n\n<h2 class=\"wp-block-heading has-large-font-size\">Harmoniser sa carri\u00e8re \u00e0 ses valeurs en rejoignant l\u2019\u00e9quipe Ecoveritas.<\/h2>\n\n\n\n<p>Ecoveritas est un cabinet de gestion de patrimoine ax\u00e9 sur les investissements responsables, solidaires et plus \u00e9thique. Nous nous engageons \u00e0 former nos conseillers \u00e0 la fois sur les aspects techniques de la gestion de patrimoine, mais aussi sur l&rsquo;importance des valeurs environnementales et sociales dans l&rsquo;investissement. Notre objectif est de former des conseillers capables d&rsquo;aider nos clients \u00e0 concilier leur prosp\u00e9rit\u00e9 financi\u00e8re avec un impact plus positif.<\/p>\n\n\n\n<div class=\"is-content-justification-center is-layout-flex wp-container-4 wp-block-buttons\">\n<div class=\"wp-block-button is-style-outline\"><a class=\"wp-block-button__link wp-element-button\" href=\"https:\/\/ecoveritas.fr\/index.php\/page-contact\/\">Rejoindre notre \u00e9quipe<\/a><\/div>\n<\/div>\n<\/div>\n\n\n\n<div class=\"is-layout-flow wp-block-column is-vertically-aligned-center\" style=\"padding-top:0;padding-right:0;padding-bottom:0;padding-left:0\">\n<figure class=\"wp-block-image size-large is-style-rounded\"><img decoding=\"async\" width=\"1024\" height=\"576\" src=\"https:\/\/ecoveritas.fr\/wp-content\/uploads\/2024\/02\/shutterstock_1255288039-1024x576.jpg\" alt=\"\" class=\"wp-image-852\" srcset=\"https:\/\/ecoveritas.fr\/wp-content\/uploads\/2024\/02\/shutterstock_1255288039-1024x576.jpg 1024w, https:\/\/ecoveritas.fr\/wp-content\/uploads\/2024\/02\/shutterstock_1255288039-300x169.jpg 300w, https:\/\/ecoveritas.fr\/wp-content\/uploads\/2024\/02\/shutterstock_1255288039-2000x1125.jpg 2000w\" sizes=\"(max-width: 1024px) 100vw, 1024px\" \/><\/figure>\n<\/div>\n<\/div>\n<\/div>\n\n\n\n<div class=\"has-global-padding is-layout-constrained wp-block-group alignfull pattern_multiple_covers has-background\" id=\"services\" style=\"background:linear-gradient(180deg,rgba(255,51,51,0.11) 0%,rgba(4,110,31,0.13) 100%)\">\n<div style=\"height:30px\" aria-hidden=\"true\" class=\"wp-block-spacer\"><\/div>\n\n\n\n<p class=\"has-text-align-left has-secondary-color has-text-color\" style=\"letter-spacing:1px\"><strong>Travaillons ensemble<\/strong><\/p>\n\n\n\n<h2 class=\"has-text-align-left wp-block-heading\">Nous choisir<\/h2>\n\n\n\n<div class=\"is-layout-flex wp-container-13 wp-block-columns\">\n<div class=\"is-layout-flow wp-block-column\" style=\"padding-top:0;padding-right:5px;padding-bottom:0;padding-left:5px\">\n<div class=\"wp-block-cover has-parallax has-custom-content-position is-position-top-center\" style=\"padding-top:var(--wp--preset--spacing--small);padding-right:0;padding-bottom:var(--wp--preset--spacing--small);padding-left:0\"><span aria-hidden=\"true\" class=\"wp-block-cover__background has-primary-background-color has-background-dim-70 has-background-dim\"><\/span><div role=\"img\" class=\"wp-block-cover__image-background wp-image-846 has-parallax\" style=\"background-position:50% 50%;background-image:url(https:\/\/ecoveritas.fr\/wp-content\/uploads\/2024\/02\/shutterstock_431807236-scaled.jpg)\"><\/div><div class=\"wp-block-cover__inner-container\">\n<h3 class=\"has-text-align-center wp-block-heading has-white-color has-text-color has-medium-font-size\" style=\"margin-top:0;margin-right:0;margin-bottom:0;margin-left:0\">Formation et D\u00e9veloppement<\/h3>\n\n\n\n<div style=\"height:100px\" aria-hidden=\"true\" class=\"wp-block-spacer\"><\/div>\n\n\n\n<p class=\"wp-elements-4c14ef81ba1748838ad00ee904b73d2a has-lightgrey-color has-text-color has-link-color\" style=\"margin-top:0;margin-right:0;margin-bottom:0;margin-left:0\">Nous vous offrons une formation approfondie sur la gestion de patrimoine responsable et durable.<\/p>\n<\/div><\/div>\n<\/div>\n\n\n\n<div class=\"is-layout-flow wp-block-column\" style=\"padding-top:0;padding-right:5px;padding-bottom:0;padding-left:5px\">\n<div class=\"wp-block-cover has-parallax has-custom-content-position is-position-top-center\" style=\"padding-top:var(--wp--preset--spacing--small);padding-right:0;padding-bottom:0;padding-left:0\"><span aria-hidden=\"true\" class=\"wp-block-cover__background has-primary-background-color has-background-dim-70 has-background-dim\"><\/span><div role=\"img\" class=\"wp-block-cover__image-background wp-image-846 has-parallax\" style=\"background-position:50% 50%;background-image:url(https:\/\/ecoveritas.fr\/wp-content\/uploads\/2024\/02\/shutterstock_431807236-scaled.jpg)\"><\/div><div class=\"wp-block-cover__inner-container\">\n<h3 class=\"has-text-align-center wp-block-heading has-white-color has-text-color has-medium-font-size\" style=\"margin-top:0;margin-right:0;margin-bottom:0;margin-left:0\">Impact Positif<\/h3>\n\n\n\n<div style=\"height:130px\" aria-hidden=\"true\" class=\"wp-block-spacer\"><\/div>\n\n\n\n<p class=\"wp-elements-7014bb9ac2ba1c3cf7e7b57d9619eb2f has-lightgrey-color has-text-color has-link-color\" style=\"margin-top:0;margin-right:0;margin-bottom:0;margin-left:0\">En devenant un conseiller chez Ecoveritas, vous contribuez activement \u00e0 la cr\u00e9ation d&rsquo;un avenir plus \u00e9quitable et respectueux de la plan\u00e8te.<\/p>\n<\/div><\/div>\n<\/div>\n\n\n\n<div class=\"is-layout-flow wp-block-column\" style=\"padding-top:0;padding-right:5px;padding-bottom:0;padding-left:5px\">\n<div class=\"wp-block-cover has-parallax has-custom-content-position is-position-top-center\" style=\"padding-top:var(--wp--preset--spacing--small);padding-right:0;padding-bottom:var(--wp--preset--spacing--small);padding-left:0\"><span aria-hidden=\"true\" class=\"wp-block-cover__background has-primary-background-color has-background-dim-70 has-background-dim\"><\/span><div role=\"img\" class=\"wp-block-cover__image-background wp-image-846 has-parallax\" style=\"background-position:50% 50%;background-image:url(https:\/\/ecoveritas.fr\/wp-content\/uploads\/2024\/02\/shutterstock_431807236-scaled.jpg)\"><\/div><div class=\"wp-block-cover__inner-container\">\n<h3 class=\"has-text-align-center wp-block-heading has-white-color has-text-color has-medium-font-size\" style=\"margin-top:0;margin-right:0;margin-bottom:0;margin-left:0\">Environnement Sain<\/h3>\n\n\n\n<div style=\"height:130px\" aria-hidden=\"true\" class=\"wp-block-spacer\"><\/div>\n\n\n\n<p class=\"has-lightgrey-color has-text-color\">Nous nourrissons une culture d&rsquo;int\u00e9grit\u00e9, de respect<br>et de collaboration.<\/p>\n<\/div><\/div>\n<\/div>\n\n\n\n<div class=\"is-layout-flow wp-block-column\" style=\"padding-top:0;padding-right:5px;padding-bottom:0;padding-left:5px\">\n<div class=\"wp-block-cover has-parallax has-custom-content-position is-position-top-center\" style=\"padding-top:var(--wp--preset--spacing--small);padding-right:0;padding-bottom:var(--wp--preset--spacing--small);padding-left:0\"><span aria-hidden=\"true\" class=\"wp-block-cover__background has-primary-background-color has-background-dim-70 has-background-dim\"><\/span><div role=\"img\" class=\"wp-block-cover__image-background wp-image-846 has-parallax\" style=\"background-position:50% 50%;background-image:url(https:\/\/ecoveritas.fr\/wp-content\/uploads\/2024\/02\/shutterstock_431807236-scaled.jpg)\"><\/div><div class=\"wp-block-cover__inner-container\">\n<h3 class=\"has-text-align-center wp-block-heading has-white-color has-text-color has-medium-font-size\" style=\"margin-top:0;margin-right:0;margin-bottom:0;margin-left:0\">Opportunit\u00e9s de Croissance<\/h3>\n\n\n\n<div style=\"height:100px\" aria-hidden=\"true\" class=\"wp-block-spacer\"><\/div>\n\n\n\n<p class=\"wp-elements-47e84edd25fd7ea261346c4b7bc49d4d has-lightgrey-color has-text-color has-link-color\" style=\"margin-top:0;margin-right:0;margin-bottom:0;margin-left:0\">Chez Ecoveritas, nous investissons dans votre d\u00e9veloppement personnel et professionnel.<\/p>\n<\/div><\/div>\n<\/div>\n<\/div>\n\n\n\n<div style=\"height:103px\" aria-hidden=\"true\" class=\"wp-block-spacer\"><\/div>\n<\/div>\n\n\n\n<div class=\"wp-block-cover alignfull is-light has-parallax is-position-center-center\" style=\"border-radius:0px;min-height:355px\"><span aria-hidden=\"true\" class=\"wp-block-cover__background has-black-background-color has-background-dim-40 has-background-dim\"><\/span><div role=\"img\" class=\"wp-block-cover__image-background wp-image-846 has-parallax\" style=\"background-position:50% 50%;background-image:url(https:\/\/ecoveritas.fr\/wp-content\/uploads\/2024\/02\/shutterstock_431807236-scaled.jpg)\"><\/div><div class=\"wp-block-cover__inner-container\">\n<div class=\"has-global-padding is-layout-constrained wp-block-group\">\n<h3 class=\"has-text-align-center wp-block-heading has-text-color has-large-font-size\" style=\"color:#fffffa;text-transform:uppercase\"><em>Pr\u00eat \u00e0 faire prosp\u00e9rer votre carri\u00e8re en accord avec vos valeurs ?<\/em><\/h3>\n\n\n\n<div style=\"height:31px\" aria-hidden=\"true\" class=\"wp-block-spacer\"><\/div>\n\n\n\n<div class=\"is-horizontal is-content-justification-center is-layout-flex wp-container-15 wp-block-buttons\">\n<div class=\"wp-block-button is-style-outline\"><a class=\"wp-block-button__link has-white-color has-text-color wp-element-button\" href=\"https:\/\/ecoveritas.fr\/index.php\/page-contact\/\" style=\"border-radius:0px\">R\u00e9servez un rendez-vous d\u00e9couverte, ici.<\/a><\/div>\n<\/div>\n<\/div>\n<\/div><\/div>\n","protected":false},"excerpt":{"rendered":"<p>Notre Promesse Harmoniser sa carri\u00e8re \u00e0 ses valeurs en rejoignant l\u2019\u00e9quipe Ecoveritas. Ecoveritas est un cabinet de gestion de patrimoine ax\u00e9 sur les investissements responsables, solidaires et plus \u00e9thique. Nous nous engageons \u00e0 former nos conseillers \u00e0 la fois sur les aspects techniques de la gestion de patrimoine, mais aussi sur l&rsquo;importance des valeurs environnementales &hellip; <\/p>\n<p class=\"link-more\"><a href=\"https:\/\/ecoveritas.fr\/index.php\/se-former\/\" class=\"more-link\">Lire la suite de<span class=\"screen-reader-text\">\u00ab\u00a0Se Former\u00a0\u00bb<\/span><\/a><\/p>\n","protected":false},"author":1,"featured_media":0,"parent":0,"menu_order":0,"comment_status":"closed","ping_status":"closed","template":"page-templates\/full-width-transparent.php","meta":[],"featured_media_urls":[],"_links":{"self":[{"href":"https:\/\/ecoveritas.fr\/index.php\/wp-json\/wp\/v2\/pages\/872"}],"collection":[{"href":"https:\/\/ecoveritas.fr\/index.php\/wp-json\/wp\/v2\/pages"}],"about":[{"href":"https:\/\/ecoveritas.fr\/index.php\/wp-json\/wp\/v2\/types\/page"}],"author":[{"embeddable":true,"href":"https:\/\/ecoveritas.fr\/index.php\/wp-json\/wp\/v2\/users\/1"}],"replies":[{"embeddable":true,"href":"https:\/\/ecoveritas.fr\/index.php\/wp-json\/wp\/v2\/comments?post=872"}],"version-history":[{"count":29,"href":"https:\/\/ecoveritas.fr\/index.php\/wp-json\/wp\/v2\/pages\/872\/revisions"}],"predecessor-version":[{"id":1410,"href":"https:\/\/ecoveritas.fr\/index.php\/wp-json\/wp\/v2\/pages\/872\/revisions\/1410"}],"wp:attachment":[{"href":"https:\/\/ecoveritas.fr\/index.php\/wp-json\/wp\/v2\/media?parent=872"}],"curies":[{"name":"wp","href":"https:\/\/api.w.org\/{rel}","templated":true}]}}