{"id":637,"date":"2023-02-27T09:01:13","date_gmt":"2023-02-27T08:01:13","guid":{"rendered":"https:\/\/ecoveritas.fr\/?page_id=637"},"modified":"2024-04-05T12:48:22","modified_gmt":"2024-04-05T10:48:22","slug":"nos-evenements-a-venir","status":"publish","type":"page","link":"https:\/\/ecoveritas.fr\/index.php\/nos-evenements-a-venir\/","title":{"rendered":"Nos \u00e9v\u00e8nements \u00e0 venir"},"content":{"rendered":"\n<div class=\"wp-block-cover is-light\" style=\"padding-top:0;padding-right:0;padding-bottom:0;padding-left:0;min-height:930px\"><span aria-hidden=\"true\" class=\"wp-block-cover__background has-white-background-color has-background-dim-90 has-background-dim\"><\/span><img decoding=\"async\" width=\"2560\" height=\"1920\" class=\"wp-block-cover__image-background wp-image-997\" alt=\"\" src=\"https:\/\/ecoveritas.fr\/wp-content\/uploads\/2024\/02\/chris-montgomery-smgTvepind4-unsplash-scaled.jpg\" data-object-fit=\"cover\" srcset=\"https:\/\/ecoveritas.fr\/wp-content\/uploads\/2024\/02\/chris-montgomery-smgTvepind4-unsplash-scaled.jpg 2560w, https:\/\/ecoveritas.fr\/wp-content\/uploads\/2024\/02\/chris-montgomery-smgTvepind4-unsplash-300x225.jpg 300w, https:\/\/ecoveritas.fr\/wp-content\/uploads\/2024\/02\/chris-montgomery-smgTvepind4-unsplash-1024x768.jpg 1024w, https:\/\/ecoveritas.fr\/wp-content\/uploads\/2024\/02\/chris-montgomery-smgTvepind4-unsplash-2000x1500.jpg 2000w\" sizes=\"(max-width: 2560px) 100vw, 2560px\" \/><div class=\"wp-block-cover__inner-container\">\n<div style=\"height:128px\" aria-hidden=\"true\" class=\"wp-block-spacer\"><\/div>\n\n\n\n<p class=\"has-text-align-left has-background has-large-font-size\" style=\"background-color:#b5390b24;padding-top:var(--wp--preset--spacing--small);padding-right:var(--wp--preset--spacing--small);padding-bottom:var(--wp--preset--spacing--small);padding-left:var(--wp--preset--spacing--small)\"><strong>EcoVeritas organise r\u00e9guli\u00e8rement des webinaires gratuits afin de partager sur la gestion de patrimoine responsable. Inscrivez-vous et invitez-y le plus grand monde, le d\u00e9veloppement durable, \u00e7a se partage <\/strong><strong>. <\/strong><\/p>\n\n\n\n<div style=\"height:30px\" aria-hidden=\"true\" class=\"wp-block-spacer\"><\/div>\n\n\n\n<div class=\"has-global-padding is-layout-constrained wp-block-group\" style=\"padding-top:var(--wp--preset--spacing--x-small);padding-right:var(--wp--preset--spacing--x-small);padding-bottom:var(--wp--preset--spacing--x-small);padding-left:var(--wp--preset--spacing--x-small)\">\n\n<\/div>\n<\/div><\/div>\n","protected":false},"excerpt":{"rendered":"","protected":false},"author":1,"featured_media":0,"parent":0,"menu_order":0,"comment_status":"closed","ping_status":"closed","template":"page-templates\/full-width-transparent.php","meta":[],"featured_media_urls":[],"_links":{"self":[{"href":"https:\/\/ecoveritas.fr\/index.php\/wp-json\/wp\/v2\/pages\/637"}],"collection":[{"href":"https:\/\/ecoveritas.fr\/index.php\/wp-json\/wp\/v2\/pages"}],"about":[{"href":"https:\/\/ecoveritas.fr\/index.php\/wp-json\/wp\/v2\/types\/page"}],"author":[{"embeddable":true,"href":"https:\/\/ecoveritas.fr\/index.php\/wp-json\/wp\/v2\/users\/1"}],"replies":[{"embeddable":true,"href":"https:\/\/ecoveritas.fr\/index.php\/wp-json\/wp\/v2\/comments?post=637"}],"version-history":[{"count":30,"href":"https:\/\/ecoveritas.fr\/index.php\/wp-json\/wp\/v2\/pages\/637\/revisions"}],"predecessor-version":[{"id":1529,"href":"https:\/\/ecoveritas.fr\/index.php\/wp-json\/wp\/v2\/pages\/637\/revisions\/1529"}],"wp:attachment":[{"href":"https:\/\/ecoveritas.fr\/index.php\/wp-json\/wp\/v2\/media?parent=637"}],"curies":[{"name":"wp","href":"https:\/\/api.w.org\/{rel}","templated":true}]}}