{"id":371,"date":"2022-10-19T13:36:17","date_gmt":"2022-10-19T11:36:17","guid":{"rendered":"https:\/\/ecoveritas.fr\/?page_id=371"},"modified":"2024-03-19T16:55:53","modified_gmt":"2024-03-19T15:55:53","slug":"pour-les-associations-et-congregations-religieuses","status":"publish","type":"page","link":"https:\/\/ecoveritas.fr\/index.php\/pour-les-associations-et-congregations-religieuses\/","title":{"rendered":"Notre accompagnement pour les associations et congr\u00e9gations religieuses"},"content":{"rendered":"\n<p>Les associations et congr\u00e9gations religieuses ont pour point commun de poursuivre, avant toute chose, des objectifs de subsistance et d&rsquo;oeuvrer pour l&rsquo;utilit\u00e9 sociale, plut\u00f4t que de rechercher l&rsquo;enrichissement par la sp\u00e9culation ou la capitalisation. Notre cabinet partage ces valeurs et poss\u00e8de l&rsquo;expertise n\u00e9cessaire pour accompagner cette client\u00e8le vers la rationalisation de son patrimoine et l&rsquo;alignement de celui-ci avec ses valeurs. <\/p>\n\n\n\n<p>Partisan d&rsquo;une finance int\u00e9grale et inspir\u00e9e par la publication \u00ab\u00a0Mensuram Bonam\u00a0\u00bb de l&rsquo;Acad\u00e9mie pontificale des sciences sociales, nous sommes convaincus qu&rsquo;il est possible d&rsquo;optimiser les revenus issus du patrimoine tout en oeuvrant pour le Bien Commun. <\/p>\n\n\n\n<figure class=\"is-layout-flex wp-block-gallery-1 wp-block-gallery has-nested-images columns-default is-cropped\">\n<figure class=\"wp-block-image size-large\"><img decoding=\"async\" width=\"1005\" height=\"669\" data-id=\"373\"  src=\"https:\/\/ecoveritas.fr\/wp-content\/uploads\/2022\/10\/B9717420809Z.1_20181028201700_000GFSCAN410.1-0.jpg\" alt=\"\" class=\"wp-image-373\" srcset=\"https:\/\/ecoveritas.fr\/wp-content\/uploads\/2022\/10\/B9717420809Z.1_20181028201700_000GFSCAN410.1-0.jpg 1005w, https:\/\/ecoveritas.fr\/wp-content\/uploads\/2022\/10\/B9717420809Z.1_20181028201700_000GFSCAN410.1-0-300x200.jpg 300w, https:\/\/ecoveritas.fr\/wp-content\/uploads\/2022\/10\/B9717420809Z.1_20181028201700_000GFSCAN410.1-0-768x511.jpg 768w\" sizes=\"(max-width: 1005px) 100vw, 1005px\" \/><\/figure>\n\n\n\n<figure class=\"wp-block-image size-large\"><img decoding=\"async\" width=\"1024\" height=\"630\" data-id=\"384\"  src=\"https:\/\/ecoveritas.fr\/wp-content\/uploads\/2022\/10\/1593174280photo-legs-donation-1-1024x630.jpeg\" alt=\"\" class=\"wp-image-384\" srcset=\"https:\/\/ecoveritas.fr\/wp-content\/uploads\/2022\/10\/1593174280photo-legs-donation-1-1024x630.jpeg 1024w, https:\/\/ecoveritas.fr\/wp-content\/uploads\/2022\/10\/1593174280photo-legs-donation-1-300x185.jpeg 300w, https:\/\/ecoveritas.fr\/wp-content\/uploads\/2022\/10\/1593174280photo-legs-donation-1-768x472.jpeg 768w, https:\/\/ecoveritas.fr\/wp-content\/uploads\/2022\/10\/1593174280photo-legs-donation-1-1536x945.jpeg 1536w, https:\/\/ecoveritas.fr\/wp-content\/uploads\/2022\/10\/1593174280photo-legs-donation-1-2048x1260.jpeg 2048w\" sizes=\"(max-width: 1024px) 100vw, 1024px\" \/><\/figure>\n<\/figure>\n\n\n\n<div style=\"height:100px\" aria-hidden=\"true\" class=\"wp-block-spacer\"><\/div>\n\n\n\n<div class=\"wp-block-cover alignfull is-light has-parallax is-position-center-center\" style=\"border-radius:0px;min-height:355px\"><span aria-hidden=\"true\" class=\"wp-block-cover__background has-black-background-color has-background-dim-40 has-background-dim\"><\/span><div role=\"img\" class=\"wp-block-cover__image-background wp-image-24 has-parallax\" style=\"background-position:50% 50%;background-image:url(https:\/\/ecoveritas.fr\/wp-content\/themes\/inspiro\/assets\/images\/StockSnap_89BQZ89TLH.jpg)\"><\/div><div class=\"wp-block-cover__inner-container\">\n<div class=\"has-global-padding is-layout-constrained wp-block-group\">\n<h3 class=\"has-text-align-center wp-block-heading has-text-color has-large-font-size\" style=\"color:#fffffa;text-transform:uppercase\"><em>Pr\u00eat \u00e0 Nous parler  ? <\/em><\/h3>\n\n\n\n<p class=\"has-text-align-center has-white-color has-text-color\">Faisons ensemble un premier audit de votre situation et vos probl\u00e9matiques. <\/p>\n\n\n\n<div style=\"height:31px\" aria-hidden=\"true\" class=\"wp-block-spacer\"><\/div>\n\n\n\n<div class=\"is-horizontal is-content-justification-center is-layout-flex wp-container-3 wp-block-buttons\">\n<div class=\"wp-block-button is-style-outline\"><a class=\"wp-block-button__link has-white-color has-text-color wp-element-button\" href=\"https:\/\/ecoveritas.fr\/index.php\/page-contact\/\" style=\"border-radius:0px\">Nous contacter<\/a><\/div>\n<\/div>\n<\/div>\n<\/div><\/div>\n","protected":false},"excerpt":{"rendered":"<p>Les associations et congr\u00e9gations religieuses ont pour point commun de poursuivre, avant toute chose, des objectifs de subsistance et d&rsquo;oeuvrer pour l&rsquo;utilit\u00e9 sociale, plut\u00f4t que de rechercher l&rsquo;enrichissement par la sp\u00e9culation ou la capitalisation. Notre cabinet partage ces valeurs et poss\u00e8de l&rsquo;expertise n\u00e9cessaire pour accompagner cette client\u00e8le vers la rationalisation de son patrimoine et l&rsquo;alignement &hellip; <\/p>\n<p class=\"link-more\"><a href=\"https:\/\/ecoveritas.fr\/index.php\/pour-les-associations-et-congregations-religieuses\/\" class=\"more-link\">Lire la suite de<span class=\"screen-reader-text\">\u00ab\u00a0Notre accompagnement pour les associations et congr\u00e9gations religieuses\u00a0\u00bb<\/span><\/a><\/p>\n","protected":false},"author":1,"featured_media":0,"parent":0,"menu_order":0,"comment_status":"closed","ping_status":"closed","template":"","meta":[],"featured_media_urls":[],"_links":{"self":[{"href":"https:\/\/ecoveritas.fr\/index.php\/wp-json\/wp\/v2\/pages\/371"}],"collection":[{"href":"https:\/\/ecoveritas.fr\/index.php\/wp-json\/wp\/v2\/pages"}],"about":[{"href":"https:\/\/ecoveritas.fr\/index.php\/wp-json\/wp\/v2\/types\/page"}],"author":[{"embeddable":true,"href":"https:\/\/ecoveritas.fr\/index.php\/wp-json\/wp\/v2\/users\/1"}],"replies":[{"embeddable":true,"href":"https:\/\/ecoveritas.fr\/index.php\/wp-json\/wp\/v2\/comments?post=371"}],"version-history":[{"count":6,"href":"https:\/\/ecoveritas.fr\/index.php\/wp-json\/wp\/v2\/pages\/371\/revisions"}],"predecessor-version":[{"id":1487,"href":"https:\/\/ecoveritas.fr\/index.php\/wp-json\/wp\/v2\/pages\/371\/revisions\/1487"}],"wp:attachment":[{"href":"https:\/\/ecoveritas.fr\/index.php\/wp-json\/wp\/v2\/media?parent=371"}],"curies":[{"name":"wp","href":"https:\/\/api.w.org\/{rel}","templated":true}]}}