{"id":369,"date":"2022-10-19T13:27:36","date_gmt":"2022-10-19T11:27:36","guid":{"rendered":"https:\/\/ecoveritas.fr\/?page_id=369"},"modified":"2024-03-29T10:38:45","modified_gmt":"2024-03-29T09:38:45","slug":"notre-accompagnement-pour-les-dirigeants-dentreprise","status":"publish","type":"page","link":"https:\/\/ecoveritas.fr\/index.php\/notre-accompagnement-pour-les-dirigeants-dentreprise\/","title":{"rendered":"Notre accompagnement pour les dirigeant(e)s d&rsquo;entreprise"},"content":{"rendered":"\n<div class=\"wp-block-cover alignfull is-light\" style=\"min-height:1080px\"><span aria-hidden=\"true\" class=\"wp-block-cover__background has-background-dim\"><\/span><video class=\"wp-block-cover__video-background intrinsic-ignore\" autoplay muted loop playsinline src=\"https:\/\/ecoveritas.fr\/wp-content\/uploads\/2024\/02\/Untitled-design.mp4\" data-object-fit=\"cover\"><\/video><div class=\"wp-block-cover__inner-container\">\n<div class=\"has-global-padding is-layout-constrained wp-container-1 wp-block-group has-x-large-font-size\" style=\"border-style:none;border-width:0px;padding-top:0;padding-right:0;padding-bottom:var(--wp--preset--spacing--x-large);padding-left:0\">\n<p class=\"has-text-align-center has-white-color has-text-color has-x-large-font-size\" style=\"font-style:normal;font-weight:500\"><em>L\u2019avenir est notre plus grande richesse,<\/em><\/p>\n\n\n\n<hr class=\"wp-block-separator has-text-color has-lightgrey-color has-alpha-channel-opacity has-lightgrey-background-color has-background\"\/>\n\n\n\n<p class=\"has-text-align-center has-white-color has-text-color has-x-large-font-size\" style=\"letter-spacing:1px\"><em>Investissez dans celui qui vous ressemble.<\/em><\/p>\n\n\n\n<p class=\"has-text-align-center has-white-color has-text-color has-medium-font-size\"><br><em>Notre accompagnement aide les dirigeants \u00e0 s\u00e9curiser leur avenir financier, en orientant leur strat\u00e9gie patrimoniale et entrepreneuriale vers des solutions \u00e0 impact social et environnemental, et cela en toute transparence.<\/em><\/p>\n<\/div>\n\n\n\n<div class=\"is-content-justification-center is-layout-flex wp-container-2 wp-block-buttons\">\n<div class=\"wp-block-button is-style-outline\"><a class=\"wp-block-button__link has-white-color has-text-color wp-element-button\" href=\"https:\/\/ecoveritas.fr\/index.php\/page-contact\/\" style=\"border-radius:0px\">Nous contacter<\/a><\/div>\n<\/div>\n<\/div><\/div>\n\n\n\n<div class=\"has-global-padding is-layout-constrained wp-block-group alignfull\">\n<div class=\"has-global-padding is-layout-constrained wp-block-group\" style=\"padding-top:var(--wp--preset--spacing--small);padding-bottom:var(--wp--preset--spacing--small)\">\n<div style=\"height:30px\" aria-hidden=\"true\" class=\"wp-block-spacer\"><\/div>\n\n\n\n<div class=\"is-layout-flex wp-container-5 wp-block-columns\">\n<div class=\"is-layout-flow wp-block-column is-vertically-aligned-center\">\n<h2 class=\"wp-block-heading has-large-font-size\" style=\"text-transform:uppercase\">Des Sp\u00e9cificit\u00e9s des Dirigeant(E)s<\/h2>\n\n\n\n<p>Par leur activit\u00e9, les dirigeant(e)s d&rsquo;entreprises constituent une cat\u00e9gorie sp\u00e9cifique de particuliers. Ces sp\u00e9cificit\u00e9s se retrouvent : <\/p>\n\n\n\n<ul>\n<li>au niveau fiscal, <\/li>\n\n\n\n<li>au niveau de leurs modes de r\u00e9mun\u00e9ration <\/li>\n\n\n\n<li>comme des risques qu&rsquo;ils prennent.<\/li>\n<\/ul>\n\n\n\n<p>Leur accompagnement n\u00e9cessite une ma\u00eetrise de ces sp\u00e9cificit\u00e9s, quelque soit la forme soci\u00e9taire de leur entreprise et le niveau de leur r\u00e9mun\u00e9ration. <\/p>\n\n\n\n<p>Par ailleurs, du fait de son activit\u00e9 professionnelle, le dirigeant prend un certain nombre de risques. Il y a ainsi lieu de mettre en place des protections pour \u00e9viter que d&rsquo;\u00e9ventuels probl\u00e8mes professionnels viennent affecter son patrimoine personnel.  <\/p>\n\n\n\n<p>Enfin, il arrive un moment o\u00f9 le dirigeant doit se s\u00e9parer de son entreprise. S&rsquo;il en est propri\u00e9taire, cette transmission, qu&rsquo;elle soit \u00e0 titre gratuit ou on\u00e9reux, fait l&rsquo;objet d&rsquo;une fiscalit\u00e9 particuli\u00e8re et il est crucial de l&rsquo;anticiper. <\/p>\n\n\n\n<p><\/p>\n<\/div>\n\n\n\n<div class=\"is-layout-flow wp-block-column\">\n<figure class=\"wp-block-image aligncenter size-large\"><img decoding=\"async\" width=\"534\" height=\"854\" src=\"https:\/\/ecoveritas.fr\/wp-content\/uploads\/2024\/03\/alpiniste-edited.webp\" alt=\"\" class=\"wp-image-1497\" srcset=\"https:\/\/ecoveritas.fr\/wp-content\/uploads\/2024\/03\/alpiniste-edited.webp 534w, https:\/\/ecoveritas.fr\/wp-content\/uploads\/2024\/03\/alpiniste-edited-188x300.webp 188w\" sizes=\"(max-width: 534px) 100vw, 534px\" \/><\/figure>\n<\/div>\n<\/div>\n\n\n\n<div style=\"height:30px\" aria-hidden=\"true\" class=\"wp-block-spacer\"><\/div>\n<\/div>\n<\/div>\n\n\n\n<div class=\"has-global-padding is-layout-constrained wp-block-group alignfull pattern_multiple_covers has-background\" id=\"services\" style=\"background-color:#f8f8f8\">\n<div style=\"height:84px\" aria-hidden=\"true\" class=\"wp-block-spacer\"><\/div>\n\n\n\n<h2 class=\"has-text-align-left wp-block-heading has-large-font-size\">NOS SERVICES<\/h2>\n\n\n\n<p class=\"has-text-align-left\">Pour r\u00e9pondre \u00e0 ces probl\u00e9matiques, nous vous accompagnons sur <\/p>\n\n\n\n<div style=\"height:46px\" aria-hidden=\"true\" class=\"wp-block-spacer\"><\/div>\n\n\n\n<div class=\"is-layout-flex wp-container-11 wp-block-columns\">\n<div class=\"is-layout-flow wp-block-column\" style=\"padding-top:0;padding-right:0;padding-bottom:0;padding-left:0\">\n<div class=\"wp-block-cover has-parallax has-custom-content-position is-position-top-center\" style=\"padding-top:var(--wp--preset--spacing--small);padding-right:var(--wp--preset--spacing--x-small);padding-bottom:var(--wp--preset--spacing--small);padding-left:var(--wp--preset--spacing--x-small)\"><span aria-hidden=\"true\" class=\"wp-block-cover__background has-primary-background-color has-background-dim-70 has-background-dim\"><\/span><div role=\"img\" class=\"wp-block-cover__image-background wp-image-857 has-parallax\" style=\"background-position:50% 50%;background-image:url(https:\/\/ecoveritas.fr\/wp-content\/uploads\/2024\/02\/shutterstock_1542535259-scaled.jpg)\"><\/div><div class=\"wp-block-cover__inner-container\">\n<h3 class=\"has-text-align-center wp-block-heading has-white-color has-text-color has-medium-font-size\" style=\"margin-top:0;margin-right:0;margin-bottom:0;margin-left:0\">CONSEIL PATRIMONIAL<br><\/h3>\n\n\n\n<ul>\n<li>Bilan patrimonial<\/li>\n\n\n\n<li>Optimisation de la r\u00e9mun\u00e9ration et fiscalit\u00e9<\/li>\n\n\n\n<li>Cession et Transmission<\/li>\n\n\n\n<li>Pr\u00e9voyance du dirigeant et de sa famille<\/li>\n<\/ul>\n<\/div><\/div>\n<\/div>\n\n\n\n<div class=\"is-layout-flow wp-block-column\" style=\"padding-top:0;padding-right:0;padding-bottom:0;padding-left:0\">\n<div class=\"wp-block-cover has-parallax has-custom-content-position is-position-top-center\" style=\"padding-top:var(--wp--preset--spacing--small);padding-right:var(--wp--preset--spacing--x-small);padding-bottom:var(--wp--preset--spacing--small);padding-left:var(--wp--preset--spacing--x-small)\"><span aria-hidden=\"true\" class=\"wp-block-cover__background has-primary-background-color has-background-dim-70 has-background-dim\"><\/span><div role=\"img\" class=\"wp-block-cover__image-background wp-image-857 has-parallax\" style=\"background-position:50% 50%;background-image:url(https:\/\/ecoveritas.fr\/wp-content\/uploads\/2024\/02\/shutterstock_1542535259-scaled.jpg)\"><\/div><div class=\"wp-block-cover__inner-container\">\n<h3 class=\"has-text-align-center wp-block-heading has-white-color has-text-color has-medium-font-size\" style=\"margin-top:0;margin-right:0;margin-bottom:0;margin-left:0\">CONSEIL EN PLACEMENTS<\/h3>\n\n\n\n<p><\/p>\n\n\n\n<ul>\n<li>Placements financiers et immobiliers<\/li>\n\n\n\n<li>Placements responsables<\/li>\n\n\n\n<li>Suivi annuel et suivi de l&rsquo;impact<\/li>\n<\/ul>\n<\/div><\/div>\n<\/div>\n\n\n\n<div class=\"is-layout-flow wp-block-column\" style=\"padding-top:0;padding-right:0;padding-bottom:0;padding-left:0\">\n<div class=\"wp-block-cover has-parallax has-custom-content-position is-position-top-center\" style=\"padding-top:var(--wp--preset--spacing--small);padding-right:var(--wp--preset--spacing--x-small);padding-bottom:var(--wp--preset--spacing--small);padding-left:var(--wp--preset--spacing--x-small)\"><span aria-hidden=\"true\" class=\"wp-block-cover__background has-primary-background-color has-background-dim-70 has-background-dim\"><\/span><div role=\"img\" class=\"wp-block-cover__image-background wp-image-857 has-parallax\" style=\"background-position:50% 50%;background-image:url(https:\/\/ecoveritas.fr\/wp-content\/uploads\/2024\/02\/shutterstock_1542535259-scaled.jpg)\"><\/div><div class=\"wp-block-cover__inner-container\">\n<h3 class=\"has-text-align-center wp-block-heading has-white-color has-text-color has-medium-font-size\" style=\"margin-top:0;margin-right:0;margin-bottom:0;margin-left:0\">STRAT\u00c9GIE D&rsquo;ENTREPRISE<br><\/h3>\n\n\n\n<ul>\n<li>Strat\u00e9gie d&rsquo;optimisation juridique et fiscale<\/li>\n\n\n\n<li>Epargne salariale, retraite et actionnariat salari\u00e9<\/li>\n\n\n\n<li>Gestion de tr\u00e9sorerie<\/li>\n\n\n\n<li>Contr\u00f4le de risques de la soci\u00e9t\u00e9 en lien avec le dirigeant<\/li>\n\n\n\n<li>Accompagnement des Holdings animatrices<\/li>\n\n\n\n<li>Management package<\/li>\n<\/ul>\n<\/div><\/div>\n<\/div>\n<\/div>\n\n\n\n<div style=\"height:103px\" aria-hidden=\"true\" class=\"wp-block-spacer\"><\/div>\n<\/div>\n\n\n\n<div class=\"has-global-padding is-layout-constrained wp-block-group alignfull has-white-background-color has-background\">\n<div class=\"has-global-padding is-layout-constrained wp-block-group\" style=\"padding-top:var(--wp--preset--spacing--small);padding-bottom:var(--wp--preset--spacing--small)\">\n<div style=\"height:30px\" aria-hidden=\"true\" class=\"wp-block-spacer\"><\/div>\n\n\n\n<div class=\"is-layout-flex wp-container-16 wp-block-columns are-vertically-aligned-center\">\n<div class=\"is-layout-flow wp-block-column is-vertically-aligned-center\">\n<figure class=\"wp-block-image size-large\"><img decoding=\"async\" width=\"683\" height=\"1024\" src=\"https:\/\/ecoveritas.fr\/wp-content\/uploads\/2024\/03\/photo-pro-ming-1-small-683x1024.jpg\" alt=\"\" class=\"wp-image-1474\" srcset=\"https:\/\/ecoveritas.fr\/wp-content\/uploads\/2024\/03\/photo-pro-ming-1-small-683x1024.jpg 683w, https:\/\/ecoveritas.fr\/wp-content\/uploads\/2024\/03\/photo-pro-ming-1-small-200x300.jpg 200w, https:\/\/ecoveritas.fr\/wp-content\/uploads\/2024\/03\/photo-pro-ming-1-small-2000x3000.jpg 2000w, https:\/\/ecoveritas.fr\/wp-content\/uploads\/2024\/03\/photo-pro-ming-1-small-scaled.jpg 1707w\" sizes=\"(max-width: 683px) 100vw, 683px\" \/><\/figure>\n<\/div>\n\n\n\n<div class=\"is-layout-flow wp-block-column is-vertically-aligned-center\">\n<h2 class=\"wp-block-heading has-large-font-size\" style=\"text-transform:uppercase\">NOTRE EXPERTISE<\/h2>\n\n\n\n<blockquote class=\"wp-block-quote\">\n<p><em>\u00ab\u00a0Le Conseiller en Gestion de Patrimoine est le \u00ab\u00a0Money Doctor\u00a0\u00bb pour les dirigeants. Comme le g\u00e9n\u00e9raliste, il est le seul \u00e0 avoir une vision 360\u00b0 sur l&rsquo;ensemble des probl\u00e9matiques personnelles du dirigeant et travaille comme chef d&rsquo;orchestre entre les diff\u00e9rents sp\u00e9cialistes (notaire, expert-comptable, avocats, banque priv\u00e9e &#8230; )  <\/em><\/p>\n<cite><strong>Ming CHITAVONG<\/strong><br>Conseiller &amp; Dirigeant,<br>Dipl\u00f4m\u00e9 en Ing\u00e9nierie patrimoniale du Chef d&rsquo;entreprise \u00e0 l&rsquo;AUREP en 2024<\/cite><\/blockquote>\n\n\n\n<ul class=\"is-layout-flex wp-block-social-links alignleft is-style-logos-only\"><li class=\"wp-social-link wp-social-link-linkedin wp-block-social-link\"><a href=\"https:\/\/www.linkedin.com\/in\/ming-chitavong\/\"  class=\"wp-block-social-link-anchor\"><svg width=\"24\" height=\"24\" viewBox=\"0 0 24 24\" version=\"1.1\" xmlns=\"http:\/\/www.w3.org\/2000\/svg\" aria-hidden=\"true\" focusable=\"false\"><path d=\"M19.7,3H4.3C3.582,3,3,3.582,3,4.3v15.4C3,20.418,3.582,21,4.3,21h15.4c0.718,0,1.3-0.582,1.3-1.3V4.3 C21,3.582,20.418,3,19.7,3z M8.339,18.338H5.667v-8.59h2.672V18.338z M7.004,8.574c-0.857,0-1.549-0.694-1.549-1.548 c0-0.855,0.691-1.548,1.549-1.548c0.854,0,1.547,0.694,1.547,1.548C8.551,7.881,7.858,8.574,7.004,8.574z M18.339,18.338h-2.669 v-4.177c0-0.996-0.017-2.278-1.387-2.278c-1.389,0-1.601,1.086-1.601,2.206v4.249h-2.667v-8.59h2.559v1.174h0.037 c0.356-0.675,1.227-1.387,2.526-1.387c2.703,0,3.203,1.779,3.203,4.092V18.338z\"><\/path><\/svg><span class=\"wp-block-social-link-label screen-reader-text\">LinkedIn<\/span><\/a><\/li><\/ul>\n<\/div>\n<\/div>\n\n\n\n<div style=\"height:30px\" aria-hidden=\"true\" class=\"wp-block-spacer\"><\/div>\n<\/div>\n<\/div>\n\n\n\n<div class=\"wp-block-cover alignfull is-light has-parallax is-position-center-center\" style=\"border-radius:0px;min-height:355px\"><span aria-hidden=\"true\" class=\"wp-block-cover__background has-black-background-color has-background-dim-40 has-background-dim\"><\/span><div role=\"img\" class=\"wp-block-cover__image-background wp-image-844 has-parallax\" style=\"background-position:50% 50%;background-image:url(https:\/\/ecoveritas.fr\/wp-content\/uploads\/2024\/02\/shutterstock_87251677-scaled.jpg)\"><\/div><div class=\"wp-block-cover__inner-container\">\n<div class=\"has-global-padding is-layout-constrained wp-block-group\">\n<h3 class=\"has-text-align-center wp-block-heading has-text-color has-large-font-size\" style=\"color:#fffffa;text-transform:uppercase\"><em>Pr\u00eat \u00e0 INVESTIR POUR VOTRE AVENIR  ? <\/em><\/h3>\n\n\n\n<p class=\"has-text-align-center has-white-color has-text-color\">Faisons ensemble un premier audit de votre situation de vos probl\u00e9matiques. <\/p>\n\n\n\n<div style=\"height:31px\" aria-hidden=\"true\" class=\"wp-block-spacer\"><\/div>\n\n\n\n<div class=\"is-horizontal is-content-justification-center is-layout-flex wp-container-19 wp-block-buttons\">\n<div class=\"wp-block-button is-style-outline\"><a class=\"wp-block-button__link has-white-color has-text-color wp-element-button\" href=\"https:\/\/ecoveritas.fr\/index.php\/page-contact\/\" style=\"border-radius:0px\">Prenez un premier rendez-vous ici<\/a><\/div>\n<\/div>\n<\/div>\n<\/div><\/div>\n","protected":false},"excerpt":{"rendered":"<p>Des Sp\u00e9cificit\u00e9s des Dirigeant(E)s Par leur activit\u00e9, les dirigeant(e)s d&rsquo;entreprises constituent une cat\u00e9gorie sp\u00e9cifique de particuliers. Ces sp\u00e9cificit\u00e9s se retrouvent : Leur accompagnement n\u00e9cessite une ma\u00eetrise de ces sp\u00e9cificit\u00e9s, quelque soit la forme soci\u00e9taire de leur entreprise et le niveau de leur r\u00e9mun\u00e9ration. Par ailleurs, du fait de son activit\u00e9 professionnelle, le dirigeant prend un &hellip; <\/p>\n<p class=\"link-more\"><a href=\"https:\/\/ecoveritas.fr\/index.php\/notre-accompagnement-pour-les-dirigeants-dentreprise\/\" class=\"more-link\">Lire la suite de<span class=\"screen-reader-text\">\u00ab\u00a0Notre accompagnement pour les dirigeant(e)s d&rsquo;entreprise\u00a0\u00bb<\/span><\/a><\/p>\n","protected":false},"author":1,"featured_media":0,"parent":0,"menu_order":0,"comment_status":"closed","ping_status":"closed","template":"page-templates\/full-width-transparent.php","meta":[],"featured_media_urls":[],"_links":{"self":[{"href":"https:\/\/ecoveritas.fr\/index.php\/wp-json\/wp\/v2\/pages\/369"}],"collection":[{"href":"https:\/\/ecoveritas.fr\/index.php\/wp-json\/wp\/v2\/pages"}],"about":[{"href":"https:\/\/ecoveritas.fr\/index.php\/wp-json\/wp\/v2\/types\/page"}],"author":[{"embeddable":true,"href":"https:\/\/ecoveritas.fr\/index.php\/wp-json\/wp\/v2\/users\/1"}],"replies":[{"embeddable":true,"href":"https:\/\/ecoveritas.fr\/index.php\/wp-json\/wp\/v2\/comments?post=369"}],"version-history":[{"count":20,"href":"https:\/\/ecoveritas.fr\/index.php\/wp-json\/wp\/v2\/pages\/369\/revisions"}],"predecessor-version":[{"id":1507,"href":"https:\/\/ecoveritas.fr\/index.php\/wp-json\/wp\/v2\/pages\/369\/revisions\/1507"}],"wp:attachment":[{"href":"https:\/\/ecoveritas.fr\/index.php\/wp-json\/wp\/v2\/media?parent=369"}],"curies":[{"name":"wp","href":"https:\/\/api.w.org\/{rel}","templated":true}]}}