{"id":1039,"date":"2024-02-29T09:20:53","date_gmt":"2024-02-29T08:20:53","guid":{"rendered":"https:\/\/ecoveritas.fr\/?page_id=1039"},"modified":"2024-03-11T18:15:48","modified_gmt":"2024-03-11T17:15:48","slug":"investir","status":"publish","type":"page","link":"https:\/\/ecoveritas.fr\/index.php\/investir\/","title":{"rendered":"Investir"},"content":{"rendered":"\n<div class=\"wp-block-cover alignfull is-light\" style=\"min-height:1080px\"><span aria-hidden=\"true\" class=\"wp-block-cover__background has-background-dim\"><\/span><video class=\"wp-block-cover__video-background intrinsic-ignore\" autoplay muted loop playsinline src=\"https:\/\/ecoveritas.fr\/wp-content\/uploads\/2024\/02\/Untitled-design.mp4\" data-object-fit=\"cover\"><\/video><div class=\"wp-block-cover__inner-container\">\n<div class=\"has-global-padding is-layout-constrained wp-container-1 wp-block-group has-x-large-font-size\" style=\"border-style:none;border-width:0px;padding-top:0;padding-right:0;padding-bottom:var(--wp--preset--spacing--x-large);padding-left:0\">\n<p class=\"has-text-align-center has-white-color has-text-color has-x-large-font-size\" style=\"font-style:normal;font-weight:500\"><em>L\u2019avenir est notre plus grande richesse,<\/em><\/p>\n\n\n\n<hr class=\"wp-block-separator has-text-color has-lightgrey-color has-alpha-channel-opacity has-lightgrey-background-color has-background\"\/>\n\n\n\n<p class=\"has-text-align-center has-white-color has-text-color has-x-large-font-size\" style=\"letter-spacing:1px\"><em>Investissez dans celui qui vous ressemble.<\/em><\/p>\n<\/div>\n\n\n\n<div class=\"is-content-justification-center is-layout-flex wp-container-2 wp-block-buttons\">\n<div class=\"wp-block-button is-style-outline\"><a class=\"wp-block-button__link has-white-color has-text-color wp-element-button\" href=\"https:\/\/ecoveritas.fr\/index.php\/page-contact\/\" style=\"border-radius:0px\">Nous d\u00e9couvrir<\/a><\/div>\n<\/div>\n<\/div><\/div>\n\n\n\n<div class=\"has-global-padding is-layout-constrained wp-block-group is-style-default has-background\" style=\"background:linear-gradient(0deg,rgb(255,243,243) 0%,rgb(246,215,170) 100%);padding-top:60px;padding-right:var(--wp--preset--spacing--x-small);padding-bottom:60px;padding-left:var(--wp--preset--spacing--x-small)\">\n<div class=\"is-layout-flex wp-container-6 wp-block-columns\" style=\"padding-top:0;padding-right:0;padding-bottom:0;padding-left:0\">\n<div class=\"is-layout-flow wp-block-column is-vertically-aligned-center\" style=\"padding-top:0;padding-right:0;padding-bottom:0;padding-left:0\">\n<p class=\"has-text-color\" style=\"color:#0bb4aa\"><strong>Notre Promesse<\/strong><\/p>\n\n\n\n<h2 class=\"wp-block-heading has-large-font-size\">Transformez votre patrimoine en moteur de progr\u00e8s pour demain.<\/h2>\n\n\n\n<p>Ecoveritas est sp\u00e9cialis\u00e9 dans la gestion de patrimoine responsable et durable. Nous nous adressons \u00e0 des individus et des entreprises qui souhaitent r\u00e9concilier leur patrimoine financier avec leurs valeurs \u00e9thiques et environnementales. Face aux d\u00e9fis \u00e9cologiques et sociaux actuels, nous proposons des solutions d&rsquo;investissement qui allient rentabilit\u00e9 \u00e9conomique et impact social positif.<\/p>\n\n\n\n<div class=\"is-content-justification-center is-layout-flex wp-container-3 wp-block-buttons\">\n<div class=\"wp-block-button is-style-outline\"><a class=\"wp-block-button__link wp-element-button\" href=\"https:\/\/ecoveritas.fr\/index.php\/page-contact\/\">C&rsquo;est parti !<\/a><\/div>\n<\/div>\n<\/div>\n\n\n\n<div class=\"is-layout-flow wp-block-column is-vertically-aligned-center\" style=\"padding-top:0;padding-right:0;padding-bottom:0;padding-left:0\">\n<figure class=\"wp-block-image size-large is-style-rounded\"><img decoding=\"async\" width=\"1024\" height=\"1024\" src=\"https:\/\/ecoveritas.fr\/wp-content\/uploads\/2024\/02\/trac-vu-LwCKyX-wr38-unsplash-1024x1024.jpg\" alt=\"\" class=\"wp-image-1017\" srcset=\"https:\/\/ecoveritas.fr\/wp-content\/uploads\/2024\/02\/trac-vu-LwCKyX-wr38-unsplash-1024x1024.jpg 1024w, https:\/\/ecoveritas.fr\/wp-content\/uploads\/2024\/02\/trac-vu-LwCKyX-wr38-unsplash-300x300.jpg 300w, https:\/\/ecoveritas.fr\/wp-content\/uploads\/2024\/02\/trac-vu-LwCKyX-wr38-unsplash-150x150.jpg 150w, https:\/\/ecoveritas.fr\/wp-content\/uploads\/2024\/02\/trac-vu-LwCKyX-wr38-unsplash-2000x2000.jpg 2000w\" sizes=\"(max-width: 1024px) 100vw, 1024px\" \/><\/figure>\n<\/div>\n<\/div>\n<\/div>\n\n\n\n<div class=\"has-global-padding is-layout-constrained wp-block-group alignfull pattern_multiple_covers has-background\" id=\"services\" style=\"background:linear-gradient(180deg,rgba(255,51,51,0.11) 0%,rgba(4,110,31,0.13) 100%)\">\n<div style=\"height:30px\" aria-hidden=\"true\" class=\"wp-block-spacer\"><\/div>\n\n\n\n<p class=\"has-text-align-left has-secondary-color has-text-color\" style=\"letter-spacing:1px\"><strong>Notre Force<\/strong><\/p>\n\n\n\n<div style=\"height:46px\" aria-hidden=\"true\" class=\"wp-block-spacer\"><\/div>\n\n\n\n<div class=\"is-layout-flex wp-container-12 wp-block-columns\">\n<div class=\"is-layout-flow wp-block-column\" style=\"padding-top:0;padding-right:0;padding-bottom:0;padding-left:0\">\n<div class=\"wp-block-cover has-parallax has-custom-content-position is-position-top-center\" style=\"padding-top:var(--wp--preset--spacing--small);padding-right:3px;padding-bottom:40px;padding-left:3px\"><span aria-hidden=\"true\" class=\"wp-block-cover__background has-primary-background-color has-background-dim-70 has-background-dim\"><\/span><div role=\"img\" class=\"wp-block-cover__image-background wp-image-853 has-parallax\" style=\"background-position:50% 50%;background-image:url(https:\/\/ecoveritas.fr\/wp-content\/uploads\/2024\/02\/shutterstock_1287340762.jpg)\"><\/div><div class=\"wp-block-cover__inner-container\">\n<h3 class=\"has-text-align-center wp-block-heading has-white-color has-text-color has-medium-font-size\" style=\"margin-top:0;margin-right:0;margin-bottom:0;margin-left:0\">Expertise Durable <br>R\u00e9elle<\/h3>\n\n\n\n<div style=\"height:100px\" aria-hidden=\"true\" class=\"wp-block-spacer\"><\/div>\n\n\n\n<p class=\"wp-elements-f419b22804e356833deb6e197a4768bc has-lightgrey-color has-text-color has-link-color\" style=\"margin-top:0;margin-right:0;margin-bottom:0;margin-left:0\">Notre exp\u00e9rience solide nous permet de vous guider \u00e0 travers le paysage complexe des investissements responsables.<\/p>\n<\/div><\/div>\n<\/div>\n\n\n\n<div class=\"is-layout-flow wp-block-column\" style=\"padding-top:0;padding-right:0;padding-bottom:0;padding-left:0\">\n<div class=\"wp-block-cover has-parallax has-custom-content-position is-position-top-center\" style=\"padding-top:var(--wp--preset--spacing--small);padding-right:3px;padding-bottom:var(--wp--preset--spacing--small);padding-left:3px\"><span aria-hidden=\"true\" class=\"wp-block-cover__background has-primary-background-color has-background-dim-70 has-background-dim\"><\/span><div role=\"img\" class=\"wp-block-cover__image-background wp-image-853 has-parallax\" style=\"background-position:50% 50%;background-image:url(https:\/\/ecoveritas.fr\/wp-content\/uploads\/2024\/02\/shutterstock_1287340762.jpg)\"><\/div><div class=\"wp-block-cover__inner-container\">\n<h3 class=\"has-text-align-center wp-block-heading has-white-color has-text-color has-medium-font-size\" style=\"margin-top:0;margin-right:0;margin-bottom:0;margin-left:0\">Approche <br>Personnalis\u00e9e<\/h3>\n\n\n\n<div style=\"height:100px\" aria-hidden=\"true\" class=\"wp-block-spacer\"><\/div>\n\n\n\n<p class=\"wp-elements-7c152009933001d73b4c9f1cda6471e5 has-lightgrey-color has-text-color has-link-color\" style=\"margin-top:0;margin-right:0;margin-bottom:0;margin-left:0\">Nous proposons un suivi sur-mesure pour aligner vos investissements avec vos valeurs<\/p>\n<\/div><\/div>\n<\/div>\n\n\n\n<div class=\"is-layout-flow wp-block-column\">\n<div class=\"wp-block-cover has-parallax has-custom-content-position is-position-top-center\" style=\"padding-top:var(--wp--preset--spacing--small);padding-right:3px;padding-bottom:var(--wp--preset--spacing--x-small);padding-left:3px\"><span aria-hidden=\"true\" class=\"wp-block-cover__background has-primary-background-color has-background-dim-70 has-background-dim\"><\/span><div role=\"img\" class=\"wp-block-cover__image-background wp-image-853 has-parallax\" style=\"background-position:50% 50%;background-image:url(https:\/\/ecoveritas.fr\/wp-content\/uploads\/2024\/02\/shutterstock_1287340762.jpg)\"><\/div><div class=\"wp-block-cover__inner-container\">\n<h3 class=\"has-text-align-center wp-block-heading has-white-color has-text-color has-medium-font-size\" style=\"margin-top:0;margin-right:0;margin-bottom:0;margin-left:0\">Impact Positif<\/h3>\n\n\n\n<div style=\"height:125px\" aria-hidden=\"true\" class=\"wp-block-spacer\"><\/div>\n\n\n\n<p class=\"wp-elements-f7f9b4a0e8594e55dead1b89ee533b36 has-lightgrey-color has-text-color has-link-color\" style=\"margin-top:0;margin-right:0;margin-bottom:0;margin-left:0\">Avec Ecoveritas, vous investissez non seulement pour votre avenir financier, mais aussi pour un futur plus respectueux de l&rsquo;Homme et de la Plan\u00e8te.<\/p>\n<\/div><\/div>\n<\/div>\n\n\n\n<div class=\"is-layout-flow wp-block-column\" style=\"padding-top:0;padding-right:0;padding-bottom:0;padding-left:0\">\n<div class=\"wp-block-cover has-parallax has-custom-content-position is-position-top-center\" style=\"padding-top:var(--wp--preset--spacing--small);padding-right:3px;padding-bottom:var(--wp--preset--spacing--small);padding-left:3px\"><span aria-hidden=\"true\" class=\"wp-block-cover__background has-primary-background-color has-background-dim-70 has-background-dim\"><\/span><div role=\"img\" class=\"wp-block-cover__image-background wp-image-853 has-parallax\" style=\"background-position:50% 50%;background-image:url(https:\/\/ecoveritas.fr\/wp-content\/uploads\/2024\/02\/shutterstock_1287340762.jpg)\"><\/div><div class=\"wp-block-cover__inner-container\">\n<h3 class=\"has-text-align-center wp-block-heading has-white-color has-text-color has-medium-font-size\" style=\"margin-top:0;margin-right:0;margin-bottom:0;margin-left:0\">Transparence &amp; <br>Int\u00e9grit\u00e9<\/h3>\n\n\n\n<div style=\"height:100px\" aria-hidden=\"true\" class=\"wp-block-spacer\"><\/div>\n\n\n\n<p class=\"wp-elements-de217331f4816229dd5d93588d54b339 has-lightgrey-color has-text-color has-link-color\" style=\"margin-top:0;margin-right:0;margin-bottom:0;margin-left:0\">Nous nous engageons \u00e0 agir de mani\u00e8re transparente, \u00e9thique et honn\u00eate \u00e0 chaque \u00e9tape de votre parcours d&rsquo;investissement.<\/p>\n<\/div><\/div>\n<\/div>\n<\/div>\n\n\n\n<div style=\"height:103px\" aria-hidden=\"true\" class=\"wp-block-spacer\"><\/div>\n<\/div>\n\n\n\n<div class=\"wp-block-cover alignfull is-light has-parallax is-position-center-center\" style=\"border-radius:0px;min-height:355px\"><span aria-hidden=\"true\" class=\"wp-block-cover__background has-black-background-color has-background-dim-40 has-background-dim\"><\/span><div role=\"img\" class=\"wp-block-cover__image-background wp-image-844 has-parallax\" style=\"background-position:50% 50%;background-image:url(https:\/\/ecoveritas.fr\/wp-content\/uploads\/2024\/02\/shutterstock_87251677-scaled.jpg)\"><\/div><div class=\"wp-block-cover__inner-container\">\n<div class=\"has-global-padding is-layout-constrained wp-block-group\">\n<h3 class=\"has-text-align-center wp-block-heading has-text-color has-large-font-size\" style=\"color:#fffffa;text-transform:uppercase\"><em>Pr\u00eat \u00e0 investir ? <\/em><\/h3>\n\n\n\n<p class=\"has-text-align-center has-white-color has-text-color\">De\u0301couvrez notre approche gra\u0302ce a\u0300 un premier rendez-vous, ici.<\/p>\n\n\n\n<div style=\"height:31px\" aria-hidden=\"true\" class=\"wp-block-spacer\"><\/div>\n\n\n\n<div class=\"is-horizontal is-content-justification-center is-layout-flex wp-container-14 wp-block-buttons\">\n<div class=\"wp-block-button is-style-outline\"><a class=\"wp-block-button__link has-white-color has-text-color wp-element-button\" href=\"https:\/\/ecoveritas.fr\/index.php\/page-contact\/\" style=\"border-radius:0px\">Nous contacter<\/a><\/div>\n<\/div>\n<\/div>\n<\/div><\/div>\n","protected":false},"excerpt":{"rendered":"<p>Notre Promesse Transformez votre patrimoine en moteur de progr\u00e8s pour demain. Ecoveritas est sp\u00e9cialis\u00e9 dans la gestion de patrimoine responsable et durable. Nous nous adressons \u00e0 des individus et des entreprises qui souhaitent r\u00e9concilier leur patrimoine financier avec leurs valeurs \u00e9thiques et environnementales. Face aux d\u00e9fis \u00e9cologiques et sociaux actuels, nous proposons des solutions d&rsquo;investissement &hellip; <\/p>\n<p class=\"link-more\"><a href=\"https:\/\/ecoveritas.fr\/index.php\/investir\/\" class=\"more-link\">Lire la suite de<span class=\"screen-reader-text\">\u00ab\u00a0Investir\u00a0\u00bb<\/span><\/a><\/p>\n","protected":false},"author":1,"featured_media":0,"parent":0,"menu_order":0,"comment_status":"closed","ping_status":"closed","template":"page-templates\/full-width-transparent.php","meta":[],"featured_media_urls":[],"_links":{"self":[{"href":"https:\/\/ecoveritas.fr\/index.php\/wp-json\/wp\/v2\/pages\/1039"}],"collection":[{"href":"https:\/\/ecoveritas.fr\/index.php\/wp-json\/wp\/v2\/pages"}],"about":[{"href":"https:\/\/ecoveritas.fr\/index.php\/wp-json\/wp\/v2\/types\/page"}],"author":[{"embeddable":true,"href":"https:\/\/ecoveritas.fr\/index.php\/wp-json\/wp\/v2\/users\/1"}],"replies":[{"embeddable":true,"href":"https:\/\/ecoveritas.fr\/index.php\/wp-json\/wp\/v2\/comments?post=1039"}],"version-history":[{"count":45,"href":"https:\/\/ecoveritas.fr\/index.php\/wp-json\/wp\/v2\/pages\/1039\/revisions"}],"predecessor-version":[{"id":1456,"href":"https:\/\/ecoveritas.fr\/index.php\/wp-json\/wp\/v2\/pages\/1039\/revisions\/1456"}],"wp:attachment":[{"href":"https:\/\/ecoveritas.fr\/index.php\/wp-json\/wp\/v2\/media?parent=1039"}],"curies":[{"name":"wp","href":"https:\/\/api.w.org\/{rel}","templated":true}]}}